{"id":261,"date":"2021-10-01T10:17:52","date_gmt":"2021-10-01T10:17:52","guid":{"rendered":"http:\/\/rc.gov.bd\/jss\/?page_id=261"},"modified":"2023-03-28T10:13:12","modified_gmt":"2023-03-28T10:13:12","slug":"qualitative-research","status":"publish","type":"page","link":"https:\/\/rc.gov.bd\/jss\/qualitative-research\/","title":{"rendered":"Qualitative Research"},"content":{"rendered":"<p>[et_pb_section fb_built=&#8221;1&#8243; custom_padding_last_edited=&#8221;on|phone&#8221; disabled_on=&#8221;off|off|off&#8221; _builder_version=&#8221;4.20.0&#8243; background_enable_color=&#8221;off&#8221; use_background_color_gradient=&#8221;on&#8221; background_color_gradient_direction=&#8221;120deg&#8221; background_color_gradient_stops=&#8221;rgba(76,150,63,0.58) 0%|rgba(132,56,54,0.43) 10%|rgba(72,138,186,0.62) 20%|rgba(153,151,116,0.6) 30%|rgba(51,170,119,0.67) 40%|rgba(193,138,216,0.69) 50%|rgba(75,105,145,0.48) 60%|rgba(66,158,64,0.6) 70%|rgba(147,119,103,0.62) 80%|rgba(39,73,64,0.47) 90%|rgba(137,133,57,0.59) 100%&#8221; background_color_gradient_start=&#8221;#7ebec5&#8243; background_color_gradient_start_position=&#8221;45%&#8221; background_color_gradient_end=&#8221;#e5e5e5&#8243; background_color_gradient_end_position=&#8221;45%&#8221; background_enable_pattern_style=&#8221;on&#8221; background_pattern_style=&#8221;smiles&#8221; background_pattern_color=&#8221;rgba(0,0,0,0.3)&#8221; background_pattern_transform=&#8221;invert&#8221; background_pattern_size=&#8221;custom&#8221; background_pattern_width=&#8221;40px&#8221; background_pattern_height=&#8221;40px&#8221; background_pattern_repeat_origin=&#8221;center&#8221; custom_padding=&#8221;60px||60px||true|false&#8221; custom_padding_tablet=&#8221;&#8221; custom_padding_phone=&#8221;0px||0px||true|false&#8221; locked=&#8221;off&#8221; global_colors_info=&#8221;{}&#8221;][et_pb_row custom_padding_last_edited=&#8221;on|phone&#8221; module_class=&#8221; et_pb_row_fullwidth&#8221; _builder_version=&#8221;4.19.4&#8243; background_color=&#8221;rgba(255,255,255,0.76)&#8221; width=&#8221;85%&#8221; width_tablet=&#8221;80%&#8221; width_phone=&#8221;95%&#8221; width_last_edited=&#8221;on|desktop&#8221; max_width=&#8221;95%&#8221; max_width_tablet=&#8221;80%&#8221; max_width_phone=&#8221;100%&#8221; max_width_last_edited=&#8221;on|desktop&#8221; custom_margin=&#8221;0px||0px|&#8221; custom_padding=&#8221;50px|50px|50px|50px|true|true&#8221; custom_padding_tablet=&#8221;50px|50px|50px|50px|true|true&#8221; custom_padding_phone=&#8221;20px|10px|20px|10px|true|true&#8221; border_radii=&#8221;on|10px|10px|10px|10px&#8221; border_width_all=&#8221;1px&#8221; border_color_all=&#8221;#a3a3a3&#8243; box_shadow_style=&#8221;preset6&#8243; box_shadow_blur=&#8221;80px&#8221; make_fullwidth=&#8221;on&#8221; locked=&#8221;off&#8221; global_colors_info=&#8221;{}&#8221;][et_pb_column type=&#8221;4_4&#8243; _builder_version=&#8221;4.16&#8243; custom_padding=&#8221;|||&#8221; global_colors_info=&#8221;{}&#8221; custom_padding__hover=&#8221;|||&#8221;][et_pb_text _builder_version=&#8221;4.16&#8243; _module_preset=&#8221;default&#8221; header_2_font=&#8221;Arvo|700||||on|||&#8221; header_2_text_align=&#8221;center&#8221; header_2_font_size=&#8221;40px&#8221; custom_margin=&#8221;||0px||false|false&#8221; custom_margin_tablet=&#8221;&#8221; custom_margin_phone=&#8221;||-5px||false|false&#8221; custom_margin_last_edited=&#8221;on|desktop&#8221; custom_padding=&#8221;||0px||false|false&#8221; header_2_font_size_tablet=&#8221;&#8221; header_2_font_size_phone=&#8221;20px&#8221; header_2_font_size_last_edited=&#8221;on|phone&#8221; locked=&#8221;off&#8221; global_colors_info=&#8221;{}&#8221;]<\/p>\n<h2>Types of Research Works<\/h2>\n<p>[\/et_pb_text][et_pb_text _builder_version=&#8221;4.16&#8243; _module_preset=&#8221;default&#8221; text_font=&#8221;Montserrat|600|||||||&#8221; text_text_color=&#8221;#004415&#8243; text_font_size=&#8221;26px&#8221; text_orientation=&#8221;center&#8221; custom_margin=&#8221;0px||10px||false|false&#8221; custom_margin_tablet=&#8221;&#8221; custom_margin_phone=&#8221;||5px||false|false&#8221; custom_margin_last_edited=&#8221;on|desktop&#8221; custom_padding=&#8221;0px||0px||false|false&#8221; text_font_size_tablet=&#8221;&#8221; text_font_size_phone=&#8221;16px&#8221; text_font_size_last_edited=&#8221;on|phone&#8221; locked=&#8221;off&#8221; global_colors_info=&#8221;{}&#8221;]<\/p>\n<p>Qualitative Research<\/p>\n<p>[\/et_pb_text][et_pb_text _builder_version=&#8221;4.16&#8243; _module_preset=&#8221;default&#8221; text_font=&#8221;Montserrat|600|||||||&#8221; text_text_color=&#8221;#001954&#8243; text_font_size=&#8221;18px&#8221; text_line_height=&#8221;1em&#8221; text_orientation=&#8221;center&#8221; custom_margin=&#8221;0px||0px||false|false&#8221; custom_padding=&#8221;0px|13px|0px|13px|false|true&#8221; text_font_size_tablet=&#8221;&#8221; text_font_size_phone=&#8221;14px&#8221; text_font_size_last_edited=&#8221;on|phone&#8221; text_line_height_tablet=&#8221;&#8221; text_line_height_phone=&#8221;&#8221; text_line_height_last_edited=&#8221;on|desktop&#8221; locked=&#8221;off&#8221; global_colors_info=&#8221;{}&#8221;]<\/p>\n<p>(Examples of Different Types of Research Works)<\/p>\n<p>[\/et_pb_text][et_pb_divider color=&#8221;#669960&#8243; divider_weight=&#8221;4px&#8221; _builder_version=&#8221;4.16&#8243; _module_preset=&#8221;default&#8221; width=&#8221;16%&#8221; module_alignment=&#8221;center&#8221; custom_margin=&#8221;15px||15px||false|false&#8221; custom_margin_tablet=&#8221;&#8221; custom_margin_phone=&#8221;12px||12px||false|false&#8221; custom_margin_last_edited=&#8221;on|phone&#8221; custom_padding=&#8221;0px||0px||true|false&#8221; locked=&#8221;off&#8221; global_colors_info=&#8221;{}&#8221;][\/et_pb_divider][et_pb_text _builder_version=&#8221;4.16&#8243; _module_preset=&#8221;default&#8221; text_font=&#8221;Poppins||||||||&#8221; text_text_color=&#8221;#000000&#8243; text_font_size=&#8221;15px&#8221; text_orientation=&#8221;justified&#8221; custom_padding=&#8221;|70px|35px|70px|false|true&#8221; custom_padding_tablet=&#8221;&#8221; custom_padding_phone=&#8221;|20px|18px|0px|false|false&#8221; custom_padding_last_edited=&#8221;on|phone&#8221; text_font_tablet=&#8221;&#8221; text_font_phone=&#8221;Arial||||||||&#8221; text_font_last_edited=&#8221;on|phone&#8221; text_font_size_tablet=&#8221;&#8221; text_font_size_phone=&#8221;12px&#8221; text_font_size_last_edited=&#8221;on|phone&#8221; text_line_height_tablet=&#8221;&#8221; text_line_height_phone=&#8221;1.7em&#8221; text_line_height_last_edited=&#8221;on|phone&#8221; header_3_text_align_tablet=&#8221;&#8221; header_3_text_align_phone=&#8221;left&#8221; header_3_text_align_last_edited=&#8221;on|phone&#8221; header_3_font_size_tablet=&#8221;&#8221; header_3_font_size_phone=&#8221;16px&#8221; header_3_font_size_last_edited=&#8221;on|phone&#8221; locked=&#8221;off&#8221; global_colors_info=&#8221;{}&#8221;]<\/p>\n<h3 style=\"padding-left: 10px;\"><strong>2.1<span style=\"color: #800000; margin-left: 10px;\">Grounded Theory<\/span><\/strong><\/h3>\n<p style=\"margin-left: 50px;\">2.1.1.<span style=\"color: #000; margin-left: 10px;\">Sbaraini, A., Carter, S. M., Evans, R. W., &#038; Blinkhorn, A. (2011). How to do a grounded theory study: a worked example of a study of dental practices. BMC medical research methodology, 11(1), 1-10.<br \/>\n<em><span style=\"color: #000080;\"><a href=\"https:\/\/link.springer.com\/content\/pdf\/10.1186\/1471-2288-11-128.pdf\" target=\"_blank\" rel=\"noopener noreferrer\" style=\"color: #000080;\">https:\/\/link.springer.com\/content\/pdf\/10.1186\/1471-2288-11-128.pdf<\/a><\/span><\/em><\/span><\/p>\n<p style=\"margin-left: 50px;\">2.1.2.<span style=\"color: #000; margin-left: 10px;\">Limberg, D., Newton, T., Nelson, K., Minton, C. A. B., Super, J. T., &#038; Ohrt, J. (2020). Research Identity Development of Counselor Education Doctoral Students: A Grounded Theory. Professional Counselor, 10(4), 488-500.<br \/>\n<em><span style=\"color: #000080;\"><a href=\"https:\/\/files.eric.ed.gov\/fulltext\/EJ1284333.pdf\" target=\"_blank\" rel=\"noopener noreferrer\" style=\"color: #000080;\">https:\/\/files.eric.ed.gov\/fulltext\/EJ1284333.pdf<\/a><\/span><\/em><\/span><\/p>\n<p style=\"margin-left: 50px;\">2.1.3.<span style=\"color: #000; margin-left: 10px;\">G\u00f6\u00e7en, A. (2021). How do teachers perceive meaningful leadership? Overview of a qualitative exploration. Journal of Pedagogical Research, 5(1), 31-49.<br \/>\n<em><span style=\"color: #000080;\"><a href=\"http:\/\/files.eric.ed.gov\/fulltext\/EJ1288757.pdf\" target=\"_blank\" rel=\"noopener noreferrer\" style=\"color: #000080;\">http:\/\/files.eric.ed.gov\/fulltext\/EJ1288757.pdf<\/a><\/span><\/em><\/span><\/p>\n<p style=\"margin-left: 50px;\">2.14.<span style=\"color: #000; margin-left: 10px;\">Sundari, H. (2017). Classroom interaction in teaching English as foreign language at lower secondary schools in Indonesia. Advances in language and Literary Studies, 8(6), 147-154.<br \/>\n<em><span style=\"color: #000080;\"><a href=\"http:\/\/files.eric.ed.gov\/fulltext\/EJ1164991.pdf\" target=\"_blank\" rel=\"noopener noreferrer\" style=\"color: #000080;\">http:\/\/files.eric.ed.gov\/fulltext\/EJ1164991.pdf<\/a><\/span><\/em><\/span><\/p>\n<h3 style=\"padding-left: 10px;padding-top: 30px;\"><strong>2.2<span style=\"color: #800000; margin-left: 10px;\">Ethnographic<\/span><\/strong><\/h3>\n<p style=\"margin-left: 50px;\">2.2.1.<span style=\"color: #000; margin-left: 10px;\">Ambreen, S., &#038; Conteh, J. (2021). Children&#8217;s Interactions in Ability-Based Groups in a Primary Classroom. European Educational Researcher, 4(1), 85-107.<br \/>\n<em><span style=\"color: #000080;\"><a href=\"http:\/\/files.eric.ed.gov\/fulltext\/EJ1287158.pdf\" target=\"_blank\" rel=\"noopener noreferrer\" style=\"color: #000080;\">http:\/\/files.eric.ed.gov\/fulltext\/EJ1287158.pdf<\/a><\/span><\/em><\/span><\/p>\n<p style=\"margin-left: 50px;\">2.2.2.<span style=\"color: #000; margin-left: 10px;\">Skivington, M. (2011). Disability and Adulthood in Mexico: An Ethnographic Case Study. International Journal of special education, 26(3), 45-57.<br \/>\n<em><span style=\"color: #000080;\"><a href=\"http:\/\/files.eric.ed.gov\/fulltext\/EJ959000.pdf\" target=\"_blank\" rel=\"noopener noreferrer\" style=\"color: #000080;\">http:\/\/files.eric.ed.gov\/fulltext\/EJ959000.pdf<\/a><\/span><\/em><\/span><\/p>\n<p style=\"margin-left: 50px;\">2.2.3.<span style=\"color: #000; margin-left: 10px;\">Kulavuz-Onal, D. (2015). Using netnography to explore the culture of online language teaching communities. calico journal, 32(3), 426-448.<br \/>\n<em><span style=\"color: #000080;\"><a href=\"http:\/\/files.eric.ed.gov\/fulltext\/EJ1143730.pdf\" target=\"_blank\" rel=\"noopener noreferrer\" style=\"color: #000080;\">http:\/\/files.eric.ed.gov\/fulltext\/EJ1143730.pdf<\/a><\/span><\/em><\/span><\/p>\n<p style=\"margin-left: 50px;\">2.2.4.<span style=\"color: #000; margin-left: 10px;\">Yal\u00c3, F., Su, \u00c4. N., &#038; Abdullah, \u00c3. (2021). Reflections of bilingualism on preschool education: An ethnographic case study. Journal of Language and Linguistic Studies, 17.<br \/>\n<em><span style=\"color: #000080;\"><a href=\"http:\/\/jlls.org\/index.php\/jlls\/article\/viewFile\/2067\/692\" target=\"_blank\" rel=\"noopener noreferrer\" style=\"color: #000080;\">http:\/\/jlls.org\/index.php\/jlls\/article\/viewFile\/2067\/692<\/a><\/span><\/em><\/span><\/p>\n<h3 style=\"padding-left: 10px;padding-top: 30px;\"><strong>2.3<span style=\"color: #800000; margin-left: 10px;\">Narrative<\/span><\/strong><\/h3>\n<p style=\"margin-left: 50px;\">2.3.1.<span style=\"color: #000; margin-left: 10px;\">Yasar, E. (2021). An International Student Learning Turkish through Cultural Interaction: A Narrative Research. Educational Policy Analysis and Strategic Research, 16(2), 59-79.<br \/>\n<em><span style=\"color: #000080;\"><a href=\"http:\/\/files.eric.ed.gov\/fulltext\/EJ1301498.pdf\" target=\"_blank\" rel=\"noopener noreferrer\" style=\"color: #000080;\">http:\/\/files.eric.ed.gov\/fulltext\/EJ1301498.pdf<\/a><\/span><\/em><\/span><\/p>\n<p style=\"margin-left: 50px;\">2.3.2.<span style=\"color: #000; margin-left: 10px;\">Hilliard, A. T., &#038; Foose, R. (2021). Influence of Educational Leaders on Graduate Students&#8217; Perspectives and the Academic Advisement Process at a University. International Journal of Curriculum and Instruction, 13(1), 23-40.<br \/>\n<em><span style=\"color: #000080;\"><a href=\"http:\/\/files.eric.ed.gov\/fulltext\/EJ1285700.pdf\" target=\"_blank\" rel=\"noopener noreferrer\" style=\"color: #000080;\">http:\/\/files.eric.ed.gov\/fulltext\/EJ1285700.pdf<\/a><\/span><\/em><\/span><\/p>\n<p style=\"margin-left: 50px;\">2.3.3.<span style=\"color: #000; margin-left: 10px;\">Chen, Y. (2018). Perceptions of EFL College Students toward Collaborative Learning. English Language Teaching, 11(2), 1-4.<br \/>\n<em><span style=\"color: #000080;\"><a href=\"http:\/\/files.eric.ed.gov\/fulltext\/EJ1164588.pdf\" target=\"_blank\" rel=\"noopener noreferrer\" style=\"color: #000080;\">http:\/\/files.eric.ed.gov\/fulltext\/EJ1164588.pdf<\/a><\/span><\/em><\/span><\/p>\n<p style=\"margin-left: 50px;\">2.3.4.<span style=\"color: #000; margin-left: 10px;\">Hanif, S., Wijaya, A. F. C., &#038; Winarno, N. (2019). Enhancing Students&#8217; Creativity through STEM Project-Based Learning. Journal of science Learning, 2(2), 50-57.<br \/>\n<em><span style=\"color: #000080;\"><a href=\"http:\/\/files.eric.ed.gov\/fulltext\/EJ1226168.pdf\" target=\"_blank\" rel=\"noopener noreferrer\" style=\"color: #000080;\">http:\/\/files.eric.ed.gov\/fulltext\/EJ1226168.pdf<\/a><\/span><\/em><\/span><\/p>\n<h3 style=\"padding-left: 10px;padding-top: 30px;\"><strong>2.4<span style=\"color: #800000; margin-left: 10px;\">Phenomenological<\/span><\/strong><\/h3>\n<p style=\"margin-left: 50px;\">2.4.1.<span style=\"color: #000; margin-left: 10px;\">Neubauer, B. E., Witkop, C. T., &#038; Varpio, L. (2019). How phenomenology can help us learn from the experiences of others. Perspectives on medical education, 8(2), 90.<br \/>\n<em><span style=\"color: #000080;\"><a href=\"https:\/\/www.ncbi.nlm.nih.gov\/pmc\/articles\/PMC6468135\/pdf\/40037_2019_Article_509.pdf\" target=\"_blank\" rel=\"noopener noreferrer\" style=\"color: #000080;\">https:\/\/www.ncbi.nlm.nih.gov\/pmc\/articles\/PMC6468135\/pdf\/40037_2019_Article_509.pdf<\/a><\/span><\/em><\/span><\/p>\n<p style=\"margin-left: 50px;\">2.4.2.<span style=\"color: #000; margin-left: 10px;\">Dove, J., Montague, J., &#038; Hunt, T. E. (2021). An Exploration of Primary School Teachers Maths Anxiety Using Interpretative Phenomenological Analysis. International Online Journal of Primary Education (IOJPE) ISSN: 1300-915X, 10(1), 32-49.<br \/>\n<em><span style=\"color: #000080;\"><a href=\"http:\/\/files.eric.ed.gov\/fulltext\/EJ1308555.pdf\" target=\"_blank\" rel=\"noopener noreferrer\" style=\"color: #000080;\">http:\/\/files.eric.ed.gov\/fulltext\/EJ1308555.pdf<\/a><\/span><\/em><\/span><\/p>\n<p style=\"margin-left: 50px;\">2.4.3.<span style=\"color: #000; margin-left: 10px;\">Ergen, Y., &#038; Durmu\u015f, M. E. (2021). The experiences of classroom teachers on the homework process in teaching mathematics: An interpretative phenomenological analysis. Journal of Pedagogical Research, 5(1), 293-314.<br \/>\n<em><span style=\"color: #000080;\"><a href=\"http:\/\/files.eric.ed.gov\/fulltext\/EJ1289017.pdf\" target=\"_blank\" rel=\"noopener noreferrer\" style=\"color: #000080;\">http:\/\/files.eric.ed.gov\/fulltext\/EJ1289017.pdf<\/a><\/span><\/em><\/span><\/p>\n<h3 style=\"padding-left: 10px;padding-top: 30px;\"><strong>2.5<span style=\"color: #800000; margin-left: 10px;\">Case Study<\/span><\/strong><\/h3>\n<p style=\"margin-left: 50px;\">2.5.1.<span style=\"color: #000; margin-left: 10px;\">Han, L. (2017). Analysis of the Problems in Language Teachers&#8217; Action Research. International Education Studies, 10(11), 123-128.<br \/>\n<em><span style=\"color: #000080;\"><a href=\"https:\/\/files.eric.ed.gov\/fulltext\/EJ1159607.pdf\" target=\"_blank\" rel=\"noopener noreferrer\" style=\"color: #000080;\">https:\/\/files.eric.ed.gov\/fulltext\/EJ1159607.pdf<\/a><\/span><\/em><\/span><\/p>\n<p style=\"margin-left: 50px;\">2.5.2.<span style=\"color: #000; margin-left: 10px;\">Camper Jr, B. M. (2019). A case study analysis among former urban gifted high school dropouts (Doctoral dissertation, Walden University).<br \/>\n<em><span style=\"color: #000080;\"><a href=\"http:\/\/files.eric.ed.gov\/fulltext\/EJ1231339.pdf\" target=\"_blank\" rel=\"noopener noreferrer\" style=\"color: #000080;\">http:\/\/files.eric.ed.gov\/fulltext\/EJ1231339.pdf<\/a><\/span><\/em><\/span><\/p>\n<p style=\"margin-left: 50px;\">2.5.3.<span style=\"color: #000; margin-left: 10px;\">Wolfgram, M., Akram, T., &#038; Vivona, B. (2020). On the Intersectional Amplification of Barriers to College Internships: A Comparative Case Study Analysis. WCER Working Paper No. 2020-5. Wisconsin Center for Education Research.<br \/>\n<em><span style=\"color: #000080;\"><a href=\"http:\/\/files.eric.ed.gov\/fulltext\/ED608084.pdf\" target=\"_blank\" rel=\"noopener noreferrer\" style=\"color: #000080;\">http:\/\/files.eric.ed.gov\/fulltext\/ED608084.pdf<\/a><\/span><\/em><\/span><\/p>\n<p style=\"margin-left: 50px;\">2.5.4.<span style=\"color: #000; margin-left: 10px;\">Henry, B., Garner, C., &#038; Guernon, A. (2018). Teaching and Learning about Interprofessional Collaboration through Student-Designed Case Study and Analysis. International Journal of Teaching and Learning in Higher Education, 30(3), 560-570.<br \/>\n<em><span style=\"color: #000080;\"><a href=\"http:\/\/files.eric.ed.gov\/fulltext\/EJ1199345.pdf\" target=\"_blank\" rel=\"noopener noreferrer\" style=\"color: #000080;\">http:\/\/files.eric.ed.gov\/fulltext\/EJ1199345.pdf<\/a><\/span><\/em><\/span><\/p>\n<h3 style=\"padding-left: 10px;padding-top: 30px;\"><strong>2.6<span style=\"color: #800000; margin-left: 10px;\">Content Analysis (Qualitative)<\/span><\/strong><\/h3>\n<p style=\"margin-left: 50px;\">2.6.1.<span style=\"color: #000; margin-left: 10px;\">Mayring, P. (2004). Qualitative content analysis. A companion to qualitative research, 1(2), 159-176.<br \/>\n<em><span style=\"color: #000080;\"><a href=\"https:\/\/www.qualitative-research.net\/index.php\/fqs\/article\/download\/1089\/2386\/\" target=\"_blank\" rel=\"noopener noreferrer\" style=\"color: #000080;\">https:\/\/www.qualitative-research.net\/index.php\/fqs\/article\/download\/1089\/2386\/<\/a><\/span><\/em><\/span><\/p>\n<p style=\"margin-left: 50px;\">2.6.2.<span style=\"color: #000; margin-left: 10px;\">Hsieh, H. F., &#038; Shannon, S. E. (2005). Three approaches to qualitative content analysis. Qualitative health research, 15(9), 1277-1288.<br \/>\n<em><span style=\"color: #000080;\"><a href=\"http:\/\/citeseerx.ist.psu.edu\/viewdoc\/download?doi=10.1.1.1070.6584&#038;rep=rep1&#038;type=pdf\" target=\"_blank\" rel=\"noopener noreferrer\" style=\"color: #000080;\">http:\/\/citeseerx.ist.psu.edu\/viewdoc\/download?doi=10.1.1.1070.6584&#038;rep=rep1&#038;type=pdf<\/a><\/span><\/em><\/span><\/p>\n<p style=\"margin-left: 50px;\">2.6.3.<span style=\"color: #000; margin-left: 10px;\">\u00c7aliskan, M., &#038; Ser\u00e7e, H. (2018). Action Research Articles on Education in Turkey: A Content Analysis. Online Submission, 19(1), 80-102.<br \/>\n<em><span style=\"color: #000080;\"><a href=\"https:\/\/files.eric.ed.gov\/fulltext\/ED591437.pdf\" target=\"_blank\" rel=\"noopener noreferrer\" style=\"color: #000080;\">https:\/\/files.eric.ed.gov\/fulltext\/ED591437.pdf<\/a><\/span><\/em><\/span><\/p>\n<p style=\"margin-left: 50px;\">2.6.4.<span style=\"color: #000; margin-left: 10px;\">Yanoff, E., LaDuke, A., &#038; Lindner, M. (2014). Common Core Standards, Professional Texts, and Diverse Learners: A Qualitative Content Analysis. Language and Literacy Spectrum, 24, 7-27.<br \/>\n<em><span style=\"color: #000080;\"><a href=\"http:\/\/files.eric.ed.gov\/fulltext\/EJ1034904.pdf\" target=\"_blank\" rel=\"noopener noreferrer\" style=\"color: #000080;\">http:\/\/files.eric.ed.gov\/fulltext\/EJ1034904.pdf<\/a><\/span><\/em><\/span><\/p>\n<h3 style=\"padding-left: 10px;padding-top: 30px;\"><strong>2.7<span style=\"color: #800000; margin-left: 10px;\">Descriptive (Qualitative)<\/span><\/strong><\/h3>\n<p style=\"margin-left: 50px;\">2.7.1.<span style=\"color: #000; margin-left: 10px;\">Lambert, V. A., &#038; Lambert, C. E. (2012). Qualitative descriptive research: An acceptable design. Pacific Rim International Journal of Nursing Research, 16(4), 255-256.<br \/>\n<em><span style=\"color: #000080;\"><a href=\"https:\/\/he02.tci-thaijo.org\/index.php\/PRIJNR\/article\/download\/5805\/5064\" target=\"_blank\" rel=\"noopener noreferrer\" style=\"color: #000080;\">https:\/\/he02.tci-thaijo.org\/index.php\/PRIJNR\/article\/download\/5805\/5064<\/a><\/span><\/em><\/span><\/p>\n<p style=\"margin-left: 50px;\">2.7.2.<span style=\"color: #000; margin-left: 10px;\">Elliott, R., &#038; Timulak, L. (2005). Descriptive and interpretive approaches to qualitative research. A handbook of research methods for clinical and health psychology, 1(7), 147-159.<br \/>\n<em><span style=\"color: #000080;\"><a href=\"http:\/\/www.mkc.ac.in\/pdf\/study-material\/sociology\/4thSem\/Methods-Tradition-2.pdf\" target=\"_blank\" rel=\"noopener noreferrer\" style=\"color: #000080;\">http:\/\/www.mkc.ac.in\/pdf\/study-material\/sociology\/4thSem\/Methods-Tradition-2.pdf<\/a><\/span><\/em><\/span><\/p>\n<p style=\"margin-left: 50px;\">2.7.3.<span style=\"color: #000; margin-left: 10px;\">Yenipinar, S. (2021). Instructional Accountability in the Turkish Context: A Qualitative Descriptive Analysis. Eurasian Journal of Educational Research, 91, 257-280.<br \/>\n<em><span style=\"color: #000080;\"><a href=\"\" target=\"_blank\" rel=\"noopener noreferrer\" style=\"color: #000080;\">http:\/\/files.eric.ed.gov\/fulltext\/EJ1284239.pdf<\/a><\/span><\/em><\/span><\/p>\n<h3 style=\"padding-left: 10px;padding-top: 30px;\"><strong>2.8<span style=\"color: #800000; margin-left: 10px;\">Protocol Analysis<\/span><\/strong><\/h3>\n<p style=\"margin-left: 50px;\">2.8.1.<span style=\"color: #000; margin-left: 10px;\">Kelley, T., &#038; Sung, E. (2017). Examining Elementary School Students&#8217; Transfer of Learning through Engineering Design Using Think-Aloud Protocol Analysis. Journal of Technology Education, 28(2), 83-108.<br \/>\n<em><span style=\"color: #000080;\"><a href=\"http:\/\/files.eric.ed.gov\/fulltext\/EJ1164698.pdf\" target=\"_blank\" rel=\"noopener noreferrer\" style=\"color: #000080;\">http:\/\/files.eric.ed.gov\/fulltext\/EJ1164698.pdf<\/a><\/span><\/em><\/span><\/p>\n<p style=\"margin-left: 50px;\">2.8.2.<span style=\"color: #000; margin-left: 10px;\">Lundgr\u00e9n-Laine, H., &#038; Salanter\u00e4, S. (2010). Think-aloud technique and protocol analysis in clinical decision-making research. Qualitative health research, 20(4), 565-575.<br \/>\n<em><span style=\"color: #000080;\"><a href=\"https:\/\/citeseerx.ist.psu.edu\/viewdoc\/download?doi=10.1.1.831.5437&#038;rep=rep1&#038;type=pdf\" target=\"_blank\" rel=\"noopener noreferrer\" style=\"color: #000080;\">https:\/\/citeseerx.ist.psu.edu\/viewdoc\/download?doi=10.1.1.831.5437&#038;rep=rep1&#038;type=pdf<\/a><\/span><\/em><\/span><\/p>\n<p style=\"margin-left: 50px;\">2.8.3.<span style=\"color: #000; margin-left: 10px;\">2.8.3.\tKelley, T., &#038; Sung, E. (2017). Examining Elementary School Students&#8217; Transfer of Learning through Engineering Design Using Think-Aloud Protocol Analysis. Journal of Technology Education, 28(2), 83-108.<br \/>\n<em><span style=\"color: #000080;\"><a href=\"http:\/\/files.eric.ed.gov\/fulltext\/EJ1164698.pdf\" target=\"_blank\" rel=\"noopener noreferrer\" style=\"color: #000080;\">http:\/\/files.eric.ed.gov\/fulltext\/EJ1164698.pdf<\/a><\/span><\/em><\/span><\/p>\n<h3 style=\"padding-left: 10px;padding-top: 30px;\"><strong>2.9<span style=\"color: #800000; margin-left: 10px;\">Historical Analysis<\/span><\/strong><\/h3>\n<p style=\"margin-left: 50px;\">2.9.1.<span style=\"color: #000; margin-left: 10px;\">Porra, J., Hirschheim, R., &#038; Parks, M. S. (2014). The historical research method and information systems research. Journal of the association for information systems, 15(9), 3.<br \/>\n<em><span style=\"color: #000080;\"><a href=\"https:\/\/core.ac.uk\/download\/pdf\/301380648.pdf\" target=\"_blank\" rel=\"noopener noreferrer\" style=\"color: #000080;\">https:\/\/core.ac.uk\/download\/pdf\/301380648.pdf<\/a><\/span><\/em><\/span><\/p>\n<p style=\"margin-left: 50px;\">2.9.2.<span style=\"color: #000; margin-left: 10px;\">Yang, Q., &#038; Zhu, C. (2021). Socially Constructed Teacher Professionalism: An Historical Analysis of Teacher Education Reform Policies of Canadian Case. International Education Studies, 14(3), 1-14.<br \/>\n<em><span style=\"color: #000080;\"><a href=\"http:\/\/files.eric.ed.gov\/fulltext\/EJ1288004.pdf\" target=\"_blank\" rel=\"noopener noreferrer\" style=\"color: #000080;\">http:\/\/files.eric.ed.gov\/fulltext\/EJ1288004.pdf<\/a><\/span><\/em><\/span><\/p>\n<p style=\"margin-left: 50px;\">2.9.3.<span style=\"color: #000; margin-left: 10px;\">Veerasamy, S., &#038; Yovana, P. (2020). US National Higher Education Internationalization Policy: An Historical Analysis of Policy Development between 2000 and 2019. Journal of Comparative and International Higher Education, 12, 16-22.<br \/>\n<em><span style=\"color: #000080;\"><a href=\"http:\/\/files.eric.ed.gov\/fulltext\/EJ1289741.pdf\" target=\"_blank\" rel=\"noopener noreferrer\" style=\"color: #000080;\">http:\/\/files.eric.ed.gov\/fulltext\/EJ1289741.pdf<\/a><\/span><\/em><\/span><\/p>\n<p>[\/et_pb_text][\/et_pb_column][\/et_pb_row][\/et_pb_section]<\/p>\n","protected":false},"excerpt":{"rendered":"<p>Types of Research WorksQualitative Research(Examples of Different Types of Research Works)2.1Grounded Theory 2.1.1.Sbaraini, A., Carter, S. M., Evans, R. W., &#038; Blinkhorn, A. (2011). How to do a grounded theory study: a worked example of a study of dental practices. BMC medical research methodology, 11(1), 1-10. https:\/\/link.springer.com\/content\/pdf\/10.1186\/1471-2288-11-128.pdf 2.1.2.Limberg, D., Newton, T., Nelson, K., Minton, C. [&hellip;]<\/p>\n","protected":false},"author":1,"featured_media":0,"parent":0,"menu_order":0,"comment_status":"closed","ping_status":"closed","template":"","meta":{"_et_pb_use_builder":"on","_et_pb_old_content":"","_et_gb_content_width":"","footnotes":""},"class_list":["post-261","page","type-page","status-publish","hentry"],"_links":{"self":[{"href":"https:\/\/rc.gov.bd\/jss\/wp-json\/wp\/v2\/pages\/261","targetHints":{"allow":["GET"]}}],"collection":[{"href":"https:\/\/rc.gov.bd\/jss\/wp-json\/wp\/v2\/pages"}],"about":[{"href":"https:\/\/rc.gov.bd\/jss\/wp-json\/wp\/v2\/types\/page"}],"author":[{"embeddable":true,"href":"https:\/\/rc.gov.bd\/jss\/wp-json\/wp\/v2\/users\/1"}],"replies":[{"embeddable":true,"href":"https:\/\/rc.gov.bd\/jss\/wp-json\/wp\/v2\/comments?post=261"}],"version-history":[{"count":4,"href":"https:\/\/rc.gov.bd\/jss\/wp-json\/wp\/v2\/pages\/261\/revisions"}],"predecessor-version":[{"id":1126,"href":"https:\/\/rc.gov.bd\/jss\/wp-json\/wp\/v2\/pages\/261\/revisions\/1126"}],"wp:attachment":[{"href":"https:\/\/rc.gov.bd\/jss\/wp-json\/wp\/v2\/media?parent=261"}],"curies":[{"name":"wp","href":"https:\/\/api.w.org\/{rel}","templated":true}]}}