{"id":2,"date":"2021-09-28T10:28:54","date_gmt":"2021-09-28T10:28:54","guid":{"rendered":"http:\/\/rc.gov.bd\/jss\/?page_id=2"},"modified":"2023-03-28T10:13:43","modified_gmt":"2023-03-28T10:13:43","slug":"quantitative-research","status":"publish","type":"page","link":"https:\/\/rc.gov.bd\/jss\/quantitative-research\/","title":{"rendered":"Quantitative Research"},"content":{"rendered":"<p>[et_pb_section fb_built=&#8221;1&#8243; custom_padding_last_edited=&#8221;on|phone&#8221; disabled_on=&#8221;off|off|off&#8221; _builder_version=&#8221;4.20.0&#8243; background_enable_color=&#8221;off&#8221; use_background_color_gradient=&#8221;on&#8221; background_color_gradient_direction=&#8221;120deg&#8221; background_color_gradient_stops=&#8221;rgba(76,150,63,0.58) 0%|rgba(132,56,54,0.43) 10%|rgba(72,138,186,0.62) 20%|rgba(153,151,116,0.6) 30%|rgba(51,170,119,0.67) 40%|rgba(193,138,216,0.69) 50%|rgba(75,105,145,0.48) 60%|rgba(66,158,64,0.6) 70%|rgba(147,119,103,0.62) 80%|rgba(39,73,64,0.47) 90%|rgba(137,133,57,0.59) 100%&#8221; background_color_gradient_start=&#8221;#7ebec5&#8243; background_color_gradient_start_position=&#8221;45%&#8221; background_color_gradient_end=&#8221;#e5e5e5&#8243; background_color_gradient_end_position=&#8221;45%&#8221; background_enable_pattern_style=&#8221;on&#8221; background_pattern_style=&#8221;smiles&#8221; background_pattern_color=&#8221;rgba(0,0,0,0.3)&#8221; background_pattern_transform=&#8221;invert&#8221; background_pattern_size=&#8221;custom&#8221; background_pattern_width=&#8221;40px&#8221; background_pattern_height=&#8221;40px&#8221; background_pattern_repeat_origin=&#8221;center&#8221; custom_padding=&#8221;60px||60px||true|false&#8221; custom_padding_tablet=&#8221;&#8221; custom_padding_phone=&#8221;0px||0px||true|false&#8221; locked=&#8221;off&#8221; global_colors_info=&#8221;{}&#8221;][et_pb_row custom_padding_last_edited=&#8221;on|phone&#8221; module_class=&#8221; et_pb_row_fullwidth&#8221; _builder_version=&#8221;4.19.4&#8243; background_color=&#8221;rgba(255,255,255,0.76)&#8221; width=&#8221;85%&#8221; width_tablet=&#8221;80%&#8221; width_phone=&#8221;95%&#8221; width_last_edited=&#8221;on|desktop&#8221; max_width=&#8221;95%&#8221; max_width_tablet=&#8221;80%&#8221; max_width_phone=&#8221;100%&#8221; max_width_last_edited=&#8221;on|desktop&#8221; custom_margin=&#8221;0px||0px|&#8221; custom_padding=&#8221;40px|50px|40px|50px|true|true&#8221; custom_padding_tablet=&#8221;40px|50px|40px|50px|true|true&#8221; custom_padding_phone=&#8221;10px|10px|10px|10px|true|true&#8221; border_radii=&#8221;on|10px|10px|10px|10px&#8221; border_width_all=&#8221;1px&#8221; border_color_all=&#8221;#a3a3a3&#8243; box_shadow_style=&#8221;preset6&#8243; box_shadow_blur=&#8221;80px&#8221; make_fullwidth=&#8221;on&#8221; locked=&#8221;off&#8221; global_colors_info=&#8221;{}&#8221;][et_pb_column type=&#8221;4_4&#8243; _builder_version=&#8221;4.16&#8243; custom_padding=&#8221;|||&#8221; global_colors_info=&#8221;{}&#8221; custom_padding__hover=&#8221;|||&#8221;][et_pb_text _builder_version=&#8221;4.19.4&#8243; _module_preset=&#8221;default&#8221; header_2_font=&#8221;Arvo|700||||on|||&#8221; header_2_text_align=&#8221;center&#8221; header_2_font_size=&#8221;40px&#8221; custom_margin=&#8221;||0px||false|false&#8221; custom_margin_tablet=&#8221;&#8221; custom_margin_phone=&#8221;||-5px||false|false&#8221; custom_margin_last_edited=&#8221;on|desktop&#8221; custom_padding=&#8221;50px||0px||false|false&#8221; custom_padding_tablet=&#8221;50px||0px||false|false&#8221; custom_padding_phone=&#8221;25px||||false|false&#8221; custom_padding_last_edited=&#8221;on|phone&#8221; header_2_font_size_tablet=&#8221;&#8221; header_2_font_size_phone=&#8221;20px&#8221; header_2_font_size_last_edited=&#8221;on|phone&#8221; global_colors_info=&#8221;{}&#8221;]<\/p>\n<h2>Types of Research Works<\/h2>\n<p>[\/et_pb_text][et_pb_text _builder_version=&#8221;4.16&#8243; _module_preset=&#8221;default&#8221; text_font=&#8221;Montserrat|600|||||||&#8221; text_text_color=&#8221;#004415&#8243; text_font_size=&#8221;26px&#8221; text_orientation=&#8221;center&#8221; custom_margin=&#8221;0px||10px||false|false&#8221; custom_margin_tablet=&#8221;&#8221; custom_margin_phone=&#8221;||5px||false|false&#8221; custom_margin_last_edited=&#8221;on|desktop&#8221; custom_padding=&#8221;0px||0px||false|false&#8221; text_font_size_tablet=&#8221;&#8221; text_font_size_phone=&#8221;16px&#8221; text_font_size_last_edited=&#8221;on|phone&#8221; global_colors_info=&#8221;{}&#8221;]<\/p>\n<p>Quantitative Research<\/p>\n<p>[\/et_pb_text][et_pb_text _builder_version=&#8221;4.16&#8243; _module_preset=&#8221;default&#8221; text_font=&#8221;Montserrat|600|||||||&#8221; text_text_color=&#8221;#001954&#8243; text_font_size=&#8221;18px&#8221; text_line_height=&#8221;1em&#8221; text_orientation=&#8221;center&#8221; custom_margin=&#8221;0px||0px||false|false&#8221; custom_padding=&#8221;0px|13px|0px|13px|false|true&#8221; text_font_size_tablet=&#8221;&#8221; text_font_size_phone=&#8221;14px&#8221; text_font_size_last_edited=&#8221;on|phone&#8221; text_line_height_tablet=&#8221;&#8221; text_line_height_phone=&#8221;&#8221; text_line_height_last_edited=&#8221;on|desktop&#8221; global_colors_info=&#8221;{}&#8221;]<\/p>\n<p>(Examples of Different Types of Research Works)<\/p>\n<p>[\/et_pb_text][et_pb_divider color=&#8221;#669960&#8243; divider_weight=&#8221;4px&#8221; _builder_version=&#8221;4.16&#8243; _module_preset=&#8221;default&#8221; width=&#8221;16%&#8221; module_alignment=&#8221;center&#8221; custom_margin=&#8221;15px||15px||false|false&#8221; custom_margin_tablet=&#8221;&#8221; custom_margin_phone=&#8221;12px||12px||false|false&#8221; custom_margin_last_edited=&#8221;on|phone&#8221; custom_padding=&#8221;0px||0px||true|false&#8221; global_colors_info=&#8221;{}&#8221;][\/et_pb_divider][et_pb_text _builder_version=&#8221;4.19.4&#8243; _module_preset=&#8221;default&#8221; text_font=&#8221;Poppins||||||||&#8221; text_text_color=&#8221;#000000&#8243; text_font_size=&#8221;15px&#8221; text_orientation=&#8221;justified&#8221; custom_margin_tablet=&#8221;&#8221; custom_margin_phone=&#8221;0px||0px||true|false&#8221; custom_margin_last_edited=&#8221;on|phone&#8221; custom_padding=&#8221;|70px|50px|70px|false|true&#8221; custom_padding_tablet=&#8221;&#8221; custom_padding_phone=&#8221;0px|20px|30px|0px|false|false&#8221; custom_padding_last_edited=&#8221;on|phone&#8221; text_font_tablet=&#8221;&#8221; text_font_phone=&#8221;Arial||||||||&#8221; text_font_last_edited=&#8221;on|phone&#8221; text_font_size_tablet=&#8221;&#8221; text_font_size_phone=&#8221;12px&#8221; text_font_size_last_edited=&#8221;on|phone&#8221; text_line_height_tablet=&#8221;&#8221; text_line_height_phone=&#8221;1.7em&#8221; text_line_height_last_edited=&#8221;on|phone&#8221; header_3_text_align_tablet=&#8221;&#8221; header_3_text_align_phone=&#8221;left&#8221; header_3_text_align_last_edited=&#8221;on|phone&#8221; header_3_font_size_tablet=&#8221;&#8221; header_3_font_size_phone=&#8221;16px&#8221; header_3_font_size_last_edited=&#8221;on|phone&#8221; global_colors_info=&#8221;{}&#8221;]<\/p>\n<h3 style=\"padding-left: 10px;\"><strong>1.1<span style=\"color: #800000; margin-left: 10px;\">Experimental<\/span><\/strong><\/h3>\n<p style=\"margin-left: 50px;\">1.1.1.<span style=\"color: #000; margin-left: 10px;\"> Lima, E. F., &amp; Siebra, C. A. (2021). Design of Learning Objects for Collaboration Promotion and their Effects on Students\u2019 Behaviour. Informatics in Education, 20(1), 85-106.<br \/><em><span style=\"color: #000080;\"><a href=\"http:\/\/files.eric.ed.gov\/fulltext\/EJ1289556.pdf\" target=\"_blank\" rel=\"noopener noreferrer\" style=\"color: #000080;\">http:\/\/files.eric.ed.gov\/fulltext\/EJ1289556.pdf<\/a><\/span><\/em><\/span><\/p>\n<p style=\"margin-left: 50px;\">1.1.2.<span style=\"color: #000; margin-left: 10px;\">Adnan, G., Zulfikar, T., Armia, M. S., Gade, S., &amp; Walidin, W. (2021). Impacts of inquiry learning model on students\u2019 cognitive and critical thinking ability. Cypriot Journal of Educational Sciences, 16(3), 1290-1299.<br \/><span style=\"color: #000080;\"><em><a href=\"http:\/\/files.eric.ed.gov\/fulltext\/EJ1309223.pdf\" target=\"_blank\" rel=\"noopener noreferrer\" style=\"color: #000080;\">http:\/\/files.eric.ed.gov\/fulltext\/EJ1309223.pdf<\/a><\/em><\/span><\/span><\/p>\n<p style=\"margin-left: 50px;\">1.1.3.<span style=\"color: #000; margin-left: 10px;\">Hamid, N. H. A., &amp; Kamarudin, N. (2021). Assessing Students\u2019 Mathematics Achievement and Mathematical Creativity using Mathematical Creative Approach: A Quasi-Experimental Research. Asian Journal of University Education, 17(2), 100-112.<br \/><span style=\"color: #000080;\"><em><a href=\"http:\/\/files.eric.ed.gov\/fulltext\/EJ1304231.pdf\" target=\"_blank\" rel=\"noopener noreferrer\" style=\"color: #000080;\">http:\/\/files.eric.ed.gov\/fulltext\/EJ1304231.pdf<\/a><\/em><\/span><\/span><\/p>\n<p style=\"margin-left: 50px;\">1.1.4.<span style=\"color: #000; margin-left: 10px;\">Mahasneh, A. M., &amp; Alwan, A. F. (2018). The Effect of Project-Based Learning on Student Teacher Self-Efficacy and Achievement. International Journal of Instruction, 11(3), 511-524.<br \/><span style=\"color: #000080;\"><em><a href=\"http:\/\/files.eric.ed.gov\/fulltext\/EJ1183424.pdf\" target=\"_blank\" rel=\"noopener noreferrer\" style=\"color: #000080;\">http:\/\/files.eric.ed.gov\/fulltext\/EJ1183424.pdf<\/a><\/em><\/span><\/span><\/p>\n<h3 style=\"padding-left: 10px; padding-top: 30px;\"><strong>1.2<span style=\"color: #800000; margin-left: 10px;\">Correlational<\/span><\/strong><\/h3>\n<p style=\"margin-left: 50px;\">1.2.1.<span style=\"color: #000; margin-left: 10px;\">Jufrida, J., Kurniawan, W., Astalini, A., Darmaji, D., Kurniawan, D. A., &amp; Maya, W. A. (2019). Students&#8217; Attitude and Motivation in Mathematical Physics. International Journal of Evaluation and Research in Education, 8(3), 401-408.<br \/><span style=\"color: #000080;\"><em><a href=\"http:\/\/files.eric.ed.gov\/fulltext\/EJ1231046.pdf\" target=\"_blank\" rel=\"noopener noreferrer\" style=\"color: #000080;\">http:\/\/files.eric.ed.gov\/fulltext\/EJ1231046.pdf<\/a><\/em><\/span><\/span><\/p>\n<p style=\"margin-left: 50px;\">1.2.2.<span style=\"color: #000; margin-left: 10px;\">Y\u0131lmaz, B., &amp; Tuncer, N. (2021). Examining The Relationship Between Teachers&#8217;and Preservice Teachers&#8217;sense Of Humour And Attitude Toward Death. European Journal of Education Studies, 8(1).<br \/><span style=\"color: #000080;\"><em><a href=\"http:\/\/files.eric.ed.gov\/fulltext\/ED610718.pdf\" target=\"_blank\" rel=\"noopener noreferrer\" style=\"color: #000080;\">http:\/\/files.eric.ed.gov\/fulltext\/ED610718.pdf<\/a><\/em><\/span><\/span><\/p>\n<p style=\"margin-left: 50px;\">1.2.3.<span style=\"color: #000; margin-left: 10px;\">Arhin, V., &amp; Wang&#8217;eri, T. (2018). Orientation Programs and Student Retention in Distance Learning: The Case of University of Cape Coast. Journal of Educators Online, 15(1), n1.<br \/><span style=\"color: #000080;\"><em><a href=\"http:\/\/files.eric.ed.gov\/fulltext\/EJ1168948.pdf\" target=\"_blank\" rel=\"noopener noreferrer\" style=\"color: #000080;\">http:\/\/files.eric.ed.gov\/fulltext\/EJ1168948.pdf<\/a><\/em><\/span><\/span><\/p>\n<p style=\"margin-left: 50px;\">1.2.4.<span style=\"color: #000; margin-left: 10px;\">Kara, S. (2020). Investigation of Job Satisfaction and Burnout of Visual Arts Teachers. International Journal of Research in Education and Science, 6(1), 160-171.<br \/><span style=\"color: #000080;\"><em><a href=\"http:\/\/files.eric.ed.gov\/fulltext\/EJ1234491.pdf\" target=\"_blank\" rel=\"noopener noreferrer\" style=\"color: #000080;\">http:\/\/files.eric.ed.gov\/fulltext\/EJ1234491.pdf<\/a><\/em><\/span><\/span><\/p>\n<h3 style=\"padding-left: 10px; padding-top: 30px;\"><strong>1.3<span style=\"color: #800000; margin-left: 10px;\">Survey<\/span><\/strong><\/h3>\n<p style=\"margin-left: 50px;\">1.3.1.<span style=\"color: #000; margin-left: 10px;\">Uleanya, C., &amp; Rugbeer, Y. (2020). Investigation of First\u2011year Learning Experiences in a Rural University in South Africa. Journal of Student Affairs in Africa, 18(1), 29-46.<br \/><span style=\"color: #000080;\"><em><a href=\"http:\/\/files.eric.ed.gov\/fulltext\/EJ1260993.pdf\" target=\"_blank\" rel=\"noopener noreferrer\" style=\"color: #000080;\">http:\/\/files.eric.ed.gov\/fulltext\/EJ1260993.pdf<\/a><\/em><\/span><\/span><\/p>\n<p style=\"margin-left: 50px;\">1.3.2.<span style=\"color: #000; margin-left: 10px;\">Kam\u0131\u015fl\u0131, H. (2019). On primary school teachers\u2019 training needs in relation to game-based learning. International Journal of Curriculum and Instruction, 11(2), 285-296.<br \/><span style=\"color: #000080;\"><em><a href=\"http:\/\/files.eric.ed.gov\/fulltext\/EJ1232773.pdf\" target=\"_blank\" rel=\"noopener noreferrer\" style=\"color: #000080;\">http:\/\/files.eric.ed.gov\/fulltext\/EJ1232773.pdf<\/a><\/em><\/span><\/span><\/p>\n<p style=\"margin-left: 50px;\">1.3.3.<span style=\"color: #000; margin-left: 10px;\">Gobena, G. A. (2020). Factors Influencing Participation in Early Childhood Education: Its Implication to Quality-Education. International Online Journal of Education and Teaching, 7(1), 355-371.<br \/><span style=\"color: #000080;\"><em><a href=\"http:\/\/files.eric.ed.gov\/fulltext\/EJ1244251.pdf\" target=\"_blank\" rel=\"noopener noreferrer\" style=\"color: #000080;\">http:\/\/files.eric.ed.gov\/fulltext\/EJ1244251.pdf<\/a><\/em><\/span><\/span><\/p>\n<p style=\"margin-left: 50px;\">1.3.4.<span style=\"color: #000; margin-left: 10px;\">Malkawi, E., Bawaneh, A. K., &amp; Bawa&#8217;aneh, M. S. (2020). Campus Off, Education On: UAEU Students\u2019 Satisfaction and Attitudes Towards E-Learning and Virtual Classes During COVID-19 Pandemic. Contemporary Educational Technology, 13(1), ep283.<br \/><span style=\"color: #000080;\"><em><a href=\"http:\/\/files.eric.ed.gov\/fulltext\/EJ1282098.pdf\" target=\"_blank\" rel=\"noopener noreferrer\" style=\"color: #000080;\">http:\/\/files.eric.ed.gov\/fulltext\/EJ1282098.pdf<\/a><\/em><\/span><\/span><\/p>\n<h3 style=\"padding-left: 10px; padding-top: 30px;\"><strong>1.4<span style=\"color: #800000; margin-left: 10px;\">Descriptive Analysis (Quantitative)<\/span><\/strong><\/h3>\n<p style=\"margin-left: 50px;\">1.4.1.<span style=\"color: #000; margin-left: 10px;\">Loeb, S., Dynarski, S., McFarland, D., Morris, P., Reardon, S., &amp; Reber, S. (2017). Descriptive Analysis in Education: A Guide for Researchers. NCEE 2017-4023. National Center for Education Evaluation and Regional Assistance.<br \/><span style=\"color: #000080;\"><em><a href=\"http:\/\/files.eric.ed.gov\/fulltext\/ED573325.pdf\" target=\"_blank\" rel=\"noopener noreferrer\" style=\"color: #000080;\">http:\/\/files.eric.ed.gov\/fulltext\/ED573325.pdf<\/a><\/em><\/span><\/span><\/p>\n<p style=\"margin-left: 50px;\">1.4.2.<span style=\"color: #000; margin-left: 10px;\">Larracilla-Salazar, N., Moreno-Garcia, E., &amp; Escalera-Chavez, M. E. (2019). Anxiety toward Math: A Descriptive Analysis by Sociodemographic Variables. European Journal of Educational Research, 8(4), 1039-1051.<br \/><span style=\"color: #000080;\"><em><a href=\"http:\/\/files.eric.ed.gov\/fulltext\/EJ1231607.pdf\" target=\"_blank\" rel=\"noopener noreferrer\" style=\"color: #000080;\">http:\/\/files.eric.ed.gov\/fulltext\/EJ1231607.pdf<\/a><\/em><\/span><\/span><\/p>\n<p style=\"margin-left: 50px;\">1.4.3.<span style=\"color: #000; margin-left: 10px;\">\u0130pek, Z., Atik, A. D., Tan, S., &amp; Erko\u00e7, F. (2020). Opinions of Biology Teachers about Nanoscience and Nanotechnology Education in Turkey. International Journal of Progressive Education, 16(1), 205-222.<br \/><span style=\"color: #000080;\"><em><a href=\"http:\/\/files.eric.ed.gov\/fulltext\/EJ1244887.pdf\" target=\"_blank\" rel=\"noopener noreferrer\" style=\"color: #000080;\">http:\/\/files.eric.ed.gov\/fulltext\/EJ1244887.pdf<\/a><\/em><\/span><\/span><\/p>\n<h3 style=\"padding-left: 10px; padding-top: 30px;\"><strong>1.5<span style=\"color: #800000; margin-left: 10px;\">Content Analysis (Quantitative)<\/span><\/strong><\/h3>\n<p style=\"margin-left: 50px;\">1.5.1.<span style=\"color: #000; margin-left: 10px;\">Eser, M. T., &amp; Yurt\u00e7u, M. (2020). A Review of Meta-Analysis Articles in Educational Sciences Conducted between 2010 and 2019 in Turkey. International Journal of Progressive Education, 16(6), 15-32.<br \/><span style=\"color: #000080;\"><em><a href=\"http:\/\/files.eric.ed.gov\/fulltext\/EJ1279622.pdf\" target=\"_blank\" rel=\"noopener noreferrer\" style=\"color: #000080;\">http:\/\/files.eric.ed.gov\/fulltext\/EJ1279622.pdf<\/a><\/em><\/span><\/span><\/p>\n<p style=\"margin-left: 50px;\">1.5.2.<span style=\"color: #000; margin-left: 10px;\">Coe, K., &amp; Kuttner, P. J. (2018). Education coverage in television news: A typology and analysis of 35 years of topics. Aera Open, 4(1), 2332858417751694.<br \/><span style=\"color: #000080;\"><em><a href=\"http:\/\/files.eric.ed.gov\/fulltext\/EJ1194157.pdf\" target=\"_blank\" rel=\"noopener noreferrer\" style=\"color: #000080;\">http:\/\/files.eric.ed.gov\/fulltext\/EJ1194157.pdf<\/a><\/em><\/span><\/span><\/p>\n<p style=\"margin-left: 50px;\">1.5.3.<span style=\"color: #000; margin-left: 10px;\">Chen, Y., Lei, J., &amp; Cheng, J. (2019). What if Online Students Take on the Responsibility: Students&#8217; Cognitive Presence and Peer Facilitation Techniques. Online Learning, 23(1), 37-61.<br \/><span style=\"color: #000080;\"><em><a href=\"http:\/\/files.eric.ed.gov\/fulltext\/EJ1210949.pdf\" target=\"_blank\" rel=\"noopener noreferrer\" style=\"color: #000080;\">http:\/\/files.eric.ed.gov\/fulltext\/EJ1210949.pdf<\/a><\/em><\/span><\/span><\/p>\n<p>[\/et_pb_text][\/et_pb_column][\/et_pb_row][\/et_pb_section]<\/p>\n","protected":false},"excerpt":{"rendered":"<p>Types of Research WorksQuantitative Research(Examples of Different Types of Research Works)1.1Experimental 1.1.1. Lima, E. F., &amp; Siebra, C. A. (2021). Design of Learning Objects for Collaboration Promotion and their Effects on Students\u2019 Behaviour. Informatics in Education, 20(1), 85-106.http:\/\/files.eric.ed.gov\/fulltext\/EJ1289556.pdf 1.1.2.Adnan, G., Zulfikar, T., Armia, M. S., Gade, S., &amp; Walidin, W. (2021). Impacts of inquiry learning [&hellip;]<\/p>\n","protected":false},"author":1,"featured_media":0,"parent":0,"menu_order":0,"comment_status":"closed","ping_status":"closed","template":"","meta":{"_et_pb_use_builder":"on","_et_pb_old_content":"<!-- wp:paragraph -->\n<p>This is an example page. It's different from a blog post because it will stay in one place and will show up in your site navigation (in most themes). Most people start with an About page that introduces them to potential site visitors. It might say something like this:<\/p>\n<!-- \/wp:paragraph -->\n\n<!-- wp:quote -->\n<blockquote class=\"wp-block-quote\"><p>Hi there! I'm a bike messenger by day, aspiring actor by night, and this is my website. I live in Los Angeles, have a great dog named Jack, and I like pi&#241;a coladas. (And gettin' caught in the rain.)<\/p><\/blockquote>\n<!-- \/wp:quote -->\n\n<!-- wp:paragraph -->\n<p>...or something like this:<\/p>\n<!-- \/wp:paragraph -->\n\n<!-- wp:quote -->\n<blockquote class=\"wp-block-quote\"><p>The XYZ Doohickey Company was founded in 1971, and has been providing quality doohickeys to the public ever since. Located in Gotham City, XYZ employs over 2,000 people and does all kinds of awesome things for the Gotham community.<\/p><\/blockquote>\n<!-- \/wp:quote -->\n\n<!-- wp:paragraph -->\n<p>As a new WordPress user, you should go to <a href=\"http:\/\/rc.gov.bd\/jss\/wp-admin\/\">your dashboard<\/a> to delete this page and create new pages for your content. Have fun!<\/p>\n<!-- \/wp:paragraph -->","_et_gb_content_width":"","footnotes":""},"class_list":["post-2","page","type-page","status-publish","hentry"],"_links":{"self":[{"href":"https:\/\/rc.gov.bd\/jss\/wp-json\/wp\/v2\/pages\/2","targetHints":{"allow":["GET"]}}],"collection":[{"href":"https:\/\/rc.gov.bd\/jss\/wp-json\/wp\/v2\/pages"}],"about":[{"href":"https:\/\/rc.gov.bd\/jss\/wp-json\/wp\/v2\/types\/page"}],"author":[{"embeddable":true,"href":"https:\/\/rc.gov.bd\/jss\/wp-json\/wp\/v2\/users\/1"}],"replies":[{"embeddable":true,"href":"https:\/\/rc.gov.bd\/jss\/wp-json\/wp\/v2\/comments?post=2"}],"version-history":[{"count":4,"href":"https:\/\/rc.gov.bd\/jss\/wp-json\/wp\/v2\/pages\/2\/revisions"}],"predecessor-version":[{"id":1129,"href":"https:\/\/rc.gov.bd\/jss\/wp-json\/wp\/v2\/pages\/2\/revisions\/1129"}],"wp:attachment":[{"href":"https:\/\/rc.gov.bd\/jss\/wp-json\/wp\/v2\/media?parent=2"}],"curies":[{"name":"wp","href":"https:\/\/api.w.org\/{rel}","templated":true}]}}